{"id":1139,"date":"2020-12-27T09:29:30","date_gmt":"2020-12-27T09:29:30","guid":{"rendered":"https:\/\/development.grandcasinoknokke.be\/loyalty\/"},"modified":"2024-06-17T16:08:24","modified_gmt":"2024-06-17T14:08:24","slug":"my-loyalty","status":"publish","type":"page","link":"https:\/\/www.grandcasinoknokke.be\/fr\/my-loyalty\/","title":{"rendered":"My Loyalty"},"content":{"rendered":"","protected":false},"excerpt":{"rendered":"","protected":false},"author":1,"featured_media":0,"parent":0,"menu_order":65,"comment_status":"closed","ping_status":"closed","template":"page-loyalty.php","meta":{"_acf_changed":false,"inline_featured_image":false,"footnotes":""},"class_list":["post-1139","page","type-page","status-publish","hentry"],"acf":[],"yoast_head":"<!-- This site is optimized with the Yoast SEO plugin v27.2 - https:\/\/yoast.com\/product\/yoast-seo-wordpress\/ -->\n<title>My Loyalty | Act loyal, be royal! - Napoleon Casino Knokke<\/title>\n<meta name=\"description\" content=\"D\u00e9couvrez le programme de fid\u00e9lit\u00e9 du Grand Casino de Knokke et obtenez encore plus d&#039;avantages lors de votre visite au casino.\" \/>\n<meta name=\"robots\" content=\"index, follow, max-snippet:-1, max-image-preview:large, max-video-preview:-1\" \/>\n<link rel=\"canonical\" href=\"https:\/\/www.grandcasinoknokke.be\/fr\/my-loyalty\/\" \/>\n<meta property=\"og:locale\" content=\"fr_FR\" \/>\n<meta property=\"og:type\" content=\"article\" \/>\n<meta property=\"og:title\" content=\"My Loyalty | Act loyal, be royal! - Napoleon Casino Knokke\" \/>\n<meta property=\"og:description\" content=\"D\u00e9couvrez le programme de fid\u00e9lit\u00e9 du Grand Casino de Knokke et obtenez encore plus d&#039;avantages lors de votre visite au casino.\" \/>\n<meta property=\"og:url\" content=\"https:\/\/www.grandcasinoknokke.be\/fr\/my-loyalty\/\" \/>\n<meta property=\"og:site_name\" content=\"Napoleon Casino Knokke\" \/>\n<meta property=\"article:publisher\" content=\"https:\/\/www.facebook.com\/grandcasinoknokke.be\/\" \/>\n<meta property=\"article:modified_time\" content=\"2024-06-17T14:08:24+00:00\" \/>\n<meta name=\"twitter:card\" content=\"summary_large_image\" \/>\n<meta name=\"twitter:label1\" content=\"Dur\u00e9e de lecture est.\" \/>\n\t<meta name=\"twitter:data1\" content=\"2 minutes\" \/>\n<script type=\"application\/ld+json\" class=\"yoast-schema-graph\">{\"@context\":\"https:\/\/schema.org\",\"@graph\":[{\"@type\":\"WebPage\",\"@id\":\"https:\/\/www.grandcasinoknokke.be\/fr\/my-loyalty\/\",\"url\":\"https:\/\/www.grandcasinoknokke.be\/fr\/my-loyalty\/\",\"name\":\"My Loyalty | Act loyal, be royal! - Napoleon Casino Knokke\",\"isPartOf\":{\"@id\":\"https:\/\/www.grandcasinoknokke.be\/fr\/#website\"},\"datePublished\":\"2020-12-27T09:29:30+00:00\",\"dateModified\":\"2024-06-17T14:08:24+00:00\",\"description\":\"D\u00e9couvrez le programme de fid\u00e9lit\u00e9 du Grand Casino de Knokke et obtenez encore plus d'avantages lors de votre visite au casino.\",\"inLanguage\":\"fr-BE\",\"potentialAction\":[{\"@type\":\"ReadAction\",\"target\":[\"https:\/\/www.grandcasinoknokke.be\/fr\/my-loyalty\/\"]}]},{\"@type\":\"WebSite\",\"@id\":\"https:\/\/www.grandcasinoknokke.be\/fr\/#website\",\"url\":\"https:\/\/www.grandcasinoknokke.be\/fr\/\",\"name\":\"Napoleon Casino Knokke\",\"description\":\"\",\"publisher\":{\"@id\":\"https:\/\/www.grandcasinoknokke.be\/fr\/#organization\"},\"potentialAction\":[{\"@type\":\"SearchAction\",\"target\":{\"@type\":\"EntryPoint\",\"urlTemplate\":\"https:\/\/www.grandcasinoknokke.be\/fr\/?s={search_term_string}\"},\"query-input\":{\"@type\":\"PropertyValueSpecification\",\"valueRequired\":true,\"valueName\":\"search_term_string\"}}],\"inLanguage\":\"fr-BE\"},{\"@type\":\"Organization\",\"@id\":\"https:\/\/www.grandcasinoknokke.be\/fr\/#organization\",\"name\":\"Napoleon Casino Knokke\",\"url\":\"https:\/\/www.grandcasinoknokke.be\/fr\/\",\"logo\":{\"@type\":\"ImageObject\",\"inLanguage\":\"fr-BE\",\"@id\":\"https:\/\/www.grandcasinoknokke.be\/fr\/#\/schema\/logo\/image\/\",\"url\":\"https:\/\/www.grandcasinoknokke.be\/wp-content\/uploads\/2021\/01\/Blackjack-Knokke.jpg\",\"contentUrl\":\"https:\/\/www.grandcasinoknokke.be\/wp-content\/uploads\/2021\/01\/Blackjack-Knokke.jpg\",\"width\":2041,\"height\":1428,\"caption\":\"Napoleon Casino Knokke\"},\"image\":{\"@id\":\"https:\/\/www.grandcasinoknokke.be\/fr\/#\/schema\/logo\/image\/\"},\"sameAs\":[\"https:\/\/www.facebook.com\/grandcasinoknokke.be\/\",\"https:\/\/www.instagram.com\/grand.casino.knokke\/\"]}]}<\/script>\n<!-- \/ Yoast SEO plugin. -->","yoast_head_json":{"title":"My Loyalty | Act loyal, be royal! - Napoleon Casino Knokke","description":"D\u00e9couvrez le programme de fid\u00e9lit\u00e9 du Grand Casino de Knokke et obtenez encore plus d'avantages lors de votre visite au casino.","robots":{"index":"index","follow":"follow","max-snippet":"max-snippet:-1","max-image-preview":"max-image-preview:large","max-video-preview":"max-video-preview:-1"},"canonical":"https:\/\/www.grandcasinoknokke.be\/fr\/my-loyalty\/","og_locale":"fr_FR","og_type":"article","og_title":"My Loyalty | Act loyal, be royal! - Napoleon Casino Knokke","og_description":"D\u00e9couvrez le programme de fid\u00e9lit\u00e9 du Grand Casino de Knokke et obtenez encore plus d'avantages lors de votre visite au casino.","og_url":"https:\/\/www.grandcasinoknokke.be\/fr\/my-loyalty\/","og_site_name":"Napoleon Casino Knokke","article_publisher":"https:\/\/www.facebook.com\/grandcasinoknokke.be\/","article_modified_time":"2024-06-17T14:08:24+00:00","twitter_card":"summary_large_image","twitter_misc":{"Dur\u00e9e de lecture est.":"2 minutes"},"schema":{"@context":"https:\/\/schema.org","@graph":[{"@type":"WebPage","@id":"https:\/\/www.grandcasinoknokke.be\/fr\/my-loyalty\/","url":"https:\/\/www.grandcasinoknokke.be\/fr\/my-loyalty\/","name":"My Loyalty | Act loyal, be royal! - Napoleon Casino Knokke","isPartOf":{"@id":"https:\/\/www.grandcasinoknokke.be\/fr\/#website"},"datePublished":"2020-12-27T09:29:30+00:00","dateModified":"2024-06-17T14:08:24+00:00","description":"D\u00e9couvrez le programme de fid\u00e9lit\u00e9 du Grand Casino de Knokke et obtenez encore plus d'avantages lors de votre visite au casino.","inLanguage":"fr-BE","potentialAction":[{"@type":"ReadAction","target":["https:\/\/www.grandcasinoknokke.be\/fr\/my-loyalty\/"]}]},{"@type":"WebSite","@id":"https:\/\/www.grandcasinoknokke.be\/fr\/#website","url":"https:\/\/www.grandcasinoknokke.be\/fr\/","name":"Napoleon Casino Knokke","description":"","publisher":{"@id":"https:\/\/www.grandcasinoknokke.be\/fr\/#organization"},"potentialAction":[{"@type":"SearchAction","target":{"@type":"EntryPoint","urlTemplate":"https:\/\/www.grandcasinoknokke.be\/fr\/?s={search_term_string}"},"query-input":{"@type":"PropertyValueSpecification","valueRequired":true,"valueName":"search_term_string"}}],"inLanguage":"fr-BE"},{"@type":"Organization","@id":"https:\/\/www.grandcasinoknokke.be\/fr\/#organization","name":"Napoleon Casino Knokke","url":"https:\/\/www.grandcasinoknokke.be\/fr\/","logo":{"@type":"ImageObject","inLanguage":"fr-BE","@id":"https:\/\/www.grandcasinoknokke.be\/fr\/#\/schema\/logo\/image\/","url":"https:\/\/www.grandcasinoknokke.be\/wp-content\/uploads\/2021\/01\/Blackjack-Knokke.jpg","contentUrl":"https:\/\/www.grandcasinoknokke.be\/wp-content\/uploads\/2021\/01\/Blackjack-Knokke.jpg","width":2041,"height":1428,"caption":"Napoleon Casino Knokke"},"image":{"@id":"https:\/\/www.grandcasinoknokke.be\/fr\/#\/schema\/logo\/image\/"},"sameAs":["https:\/\/www.facebook.com\/grandcasinoknokke.be\/","https:\/\/www.instagram.com\/grand.casino.knokke\/"]}]}},"_links":{"self":[{"href":"https:\/\/www.grandcasinoknokke.be\/fr\/wp-json\/wp\/v2\/pages\/1139","targetHints":{"allow":["GET"]}}],"collection":[{"href":"https:\/\/www.grandcasinoknokke.be\/fr\/wp-json\/wp\/v2\/pages"}],"about":[{"href":"https:\/\/www.grandcasinoknokke.be\/fr\/wp-json\/wp\/v2\/types\/page"}],"author":[{"embeddable":true,"href":"https:\/\/www.grandcasinoknokke.be\/fr\/wp-json\/wp\/v2\/users\/1"}],"replies":[{"embeddable":true,"href":"https:\/\/www.grandcasinoknokke.be\/fr\/wp-json\/wp\/v2\/comments?post=1139"}],"version-history":[{"count":4,"href":"https:\/\/www.grandcasinoknokke.be\/fr\/wp-json\/wp\/v2\/pages\/1139\/revisions"}],"predecessor-version":[{"id":10090,"href":"https:\/\/www.grandcasinoknokke.be\/fr\/wp-json\/wp\/v2\/pages\/1139\/revisions\/10090"}],"wp:attachment":[{"href":"https:\/\/www.grandcasinoknokke.be\/fr\/wp-json\/wp\/v2\/media?parent=1139"}],"curies":[{"name":"wp","href":"https:\/\/api.w.org\/{rel}","templated":true}]}}