{"id":1306,"date":"2018-09-19T13:56:11","date_gmt":"2018-09-19T11:56:11","guid":{"rendered":"https:\/\/development.grandcasinoknokke.be\/cookie-policy\/"},"modified":"2023-07-12T09:42:36","modified_gmt":"2023-07-12T07:42:36","slug":"cookie-policy","status":"publish","type":"page","link":"https:\/\/www.grandcasinoknokke.be\/fr\/cookie-policy\/","title":{"rendered":"Cookie Policy"},"content":{"rendered":"<p>Derni\u00e8re modification le 13\/01\/2021.<\/p>\n<h2>1. BIENVENUE<\/h2>\n<p>Nous, Napoleon Casino Knokke et Grand Casino Middelkerke, sommes ECK NV, une soci\u00e9t\u00e9 anonyme, situ\u00e9e \u00e0 Zeedijk-Albertstrand 509- 8300 Knokke-Heist, avec le num\u00e9ro d&rsquo;entreprise 0406-949-939.<\/p>\n<p>E.C.K. est une soci\u00e9t\u00e9 anonyme de droit belge, dont le si\u00e8ge social est sis 8300 Knokke-Heist, Zeedijk-Albertstrand 509, immatricul\u00e9e \u00e0 la Banque Carrefour des Entreprises sous le num\u00e9ro 0406.949.939. E.C.K. NV est titulaire d&rsquo;une licence A de droit belge pour l&rsquo;exploitation de jeux de hasard hors ligne dans un \u00e9tablissement de classe I et d&rsquo;une licence A + suppl\u00e9mentaire de droit belge pour l&rsquo;exploitation de jeux de hasard (de casino) via des outils de la soci\u00e9t\u00e9 de l&rsquo;information.<\/p>\n<p>Dans cette politique en mati\u00e8re de cookies, nous expliquons quelles informations nous pouvons collecter via notre site Web \u00e0 partir de cookies et comment nous les utilisons pour am\u00e9liorer nos services.<\/p>\n<p>En utilisant notre site Web, vous acceptez notre utilisation des cookies.<\/p>\n<p>Cette politique relative aux cookies fait partie int\u00e9grante de nos conditions g\u00e9n\u00e9rales.<\/p>\n<h2>2. COOKIES<\/h2>\n<p>Un \u00abcookie\u00bb est un petit fichier de donn\u00e9es qui est temporairement plac\u00e9 sur votre ordinateur ou appareil mobile par une page Internet lorsque vous visitez un site Web. Un cookie nous permet d&rsquo;identifier l&rsquo;appareil avec lequel vous visitez notre site Web, sans nous donner acc\u00e8s \u00e0 vos propres donn\u00e9es personnelles.<\/p>\n<p>Les cookies peuvent \u00eatre facilement supprim\u00e9s via les param\u00e8tres de votre navigateur. Vous pouvez \u00e9galement configurer votre navigateur de mani\u00e8re \u00e0 ce que les cookies soient toujours refus\u00e9s. Cependant, cela peut entraver l&rsquo;utilisation de notre site Web ou rendre impossible l&rsquo;acc\u00e8s \u00e0 certaines fonctionnalit\u00e9s.<\/p>\n<h2>SOORTEN COOKIES<\/h2>\n<p><script type=\"text\/javascript\" charset=\"UTF-8\"  data-cookiescriptreport=\"report\" src=\"\/\/report.cookie-script.com\/r\/0efde12bb152acac537df17ca4da818c.js\"><\/script><\/p>\n","protected":false},"excerpt":{"rendered":"<p>Derni\u00e8re modification le 13\/01\/2021. 1. BIENVENUE Nous, Napoleon Casino Knokke et Grand Casino Middelkerke, sommes ECK NV, une soci\u00e9t\u00e9 anonyme, situ\u00e9e \u00e0 Zeedijk-Albertstrand 509- 8300 Knokke-Heist, avec le num\u00e9ro d&rsquo;entreprise 0406-949-939. E.C.K. est une soci\u00e9t\u00e9 anonyme de droit belge, dont le si\u00e8ge social est sis 8300 Knokke-Heist, Zeedijk-Albertstrand 509, immatricul\u00e9e \u00e0 la Banque Carrefour des [&hellip;]<\/p>\n","protected":false},"author":1,"featured_media":0,"parent":0,"menu_order":38,"comment_status":"closed","ping_status":"closed","template":"","meta":{"_acf_changed":false,"inline_featured_image":false,"footnotes":""},"class_list":["post-1306","page","type-page","status-publish","hentry"],"acf":[],"yoast_head":"<!-- This site is optimized with the Yoast SEO plugin v27.2 - https:\/\/yoast.com\/product\/yoast-seo-wordpress\/ -->\n<title>Cookie Policy - Napoleon Casino Knokke<\/title>\n<meta name=\"robots\" content=\"noindex, nofollow\" \/>\n<meta property=\"og:locale\" content=\"fr_FR\" \/>\n<meta property=\"og:type\" content=\"article\" \/>\n<meta property=\"og:title\" content=\"Cookie Policy - Napoleon Casino Knokke\" \/>\n<meta property=\"og:description\" content=\"Derni\u00e8re modification le 13\/01\/2021. 1. BIENVENUE Nous, Napoleon Casino Knokke et Grand Casino Middelkerke, sommes ECK NV, une soci\u00e9t\u00e9 anonyme, situ\u00e9e \u00e0 Zeedijk-Albertstrand 509- 8300 Knokke-Heist, avec le num\u00e9ro d&rsquo;entreprise 0406-949-939. E.C.K. est une soci\u00e9t\u00e9 anonyme de droit belge, dont le si\u00e8ge social est sis 8300 Knokke-Heist, Zeedijk-Albertstrand 509, immatricul\u00e9e \u00e0 la Banque Carrefour des [&hellip;]\" \/>\n<meta property=\"og:url\" content=\"https:\/\/www.grandcasinoknokke.be\/fr\/cookie-policy\/\" \/>\n<meta property=\"og:site_name\" content=\"Napoleon Casino Knokke\" \/>\n<meta property=\"article:publisher\" content=\"https:\/\/www.facebook.com\/grandcasinoknokke.be\/\" \/>\n<meta property=\"article:modified_time\" content=\"2023-07-12T07:42:36+00:00\" \/>\n<meta name=\"twitter:card\" content=\"summary_large_image\" \/>\n<meta name=\"twitter:label1\" content=\"Dur\u00e9e de lecture est.\" \/>\n\t<meta name=\"twitter:data1\" content=\"3 minutes\" \/>\n<script type=\"application\/ld+json\" class=\"yoast-schema-graph\">{\"@context\":\"https:\/\/schema.org\",\"@graph\":[{\"@type\":\"WebPage\",\"@id\":\"https:\/\/www.grandcasinoknokke.be\/fr\/cookie-policy\/\",\"url\":\"https:\/\/www.grandcasinoknokke.be\/fr\/cookie-policy\/\",\"name\":\"Cookie Policy - Napoleon Casino Knokke\",\"isPartOf\":{\"@id\":\"https:\/\/www.grandcasinoknokke.be\/fr\/#website\"},\"datePublished\":\"2018-09-19T11:56:11+00:00\",\"dateModified\":\"2023-07-12T07:42:36+00:00\",\"inLanguage\":\"fr-BE\",\"potentialAction\":[{\"@type\":\"ReadAction\",\"target\":[\"https:\/\/www.grandcasinoknokke.be\/fr\/cookie-policy\/\"]}]},{\"@type\":\"WebSite\",\"@id\":\"https:\/\/www.grandcasinoknokke.be\/fr\/#website\",\"url\":\"https:\/\/www.grandcasinoknokke.be\/fr\/\",\"name\":\"Napoleon Casino Knokke\",\"description\":\"\",\"publisher\":{\"@id\":\"https:\/\/www.grandcasinoknokke.be\/fr\/#organization\"},\"potentialAction\":[{\"@type\":\"SearchAction\",\"target\":{\"@type\":\"EntryPoint\",\"urlTemplate\":\"https:\/\/www.grandcasinoknokke.be\/fr\/?s={search_term_string}\"},\"query-input\":{\"@type\":\"PropertyValueSpecification\",\"valueRequired\":true,\"valueName\":\"search_term_string\"}}],\"inLanguage\":\"fr-BE\"},{\"@type\":\"Organization\",\"@id\":\"https:\/\/www.grandcasinoknokke.be\/fr\/#organization\",\"name\":\"Napoleon Casino Knokke\",\"url\":\"https:\/\/www.grandcasinoknokke.be\/fr\/\",\"logo\":{\"@type\":\"ImageObject\",\"inLanguage\":\"fr-BE\",\"@id\":\"https:\/\/www.grandcasinoknokke.be\/fr\/#\/schema\/logo\/image\/\",\"url\":\"https:\/\/www.grandcasinoknokke.be\/wp-content\/uploads\/2021\/01\/Blackjack-Knokke.jpg\",\"contentUrl\":\"https:\/\/www.grandcasinoknokke.be\/wp-content\/uploads\/2021\/01\/Blackjack-Knokke.jpg\",\"width\":2041,\"height\":1428,\"caption\":\"Napoleon Casino Knokke\"},\"image\":{\"@id\":\"https:\/\/www.grandcasinoknokke.be\/fr\/#\/schema\/logo\/image\/\"},\"sameAs\":[\"https:\/\/www.facebook.com\/grandcasinoknokke.be\/\",\"https:\/\/www.instagram.com\/grand.casino.knokke\/\"]}]}<\/script>\n<!-- \/ Yoast SEO plugin. -->","yoast_head_json":{"title":"Cookie Policy - Napoleon Casino Knokke","robots":{"index":"noindex","follow":"nofollow"},"og_locale":"fr_FR","og_type":"article","og_title":"Cookie Policy - Napoleon Casino Knokke","og_description":"Derni\u00e8re modification le 13\/01\/2021. 1. BIENVENUE Nous, Napoleon Casino Knokke et Grand Casino Middelkerke, sommes ECK NV, une soci\u00e9t\u00e9 anonyme, situ\u00e9e \u00e0 Zeedijk-Albertstrand 509- 8300 Knokke-Heist, avec le num\u00e9ro d&rsquo;entreprise 0406-949-939. E.C.K. est une soci\u00e9t\u00e9 anonyme de droit belge, dont le si\u00e8ge social est sis 8300 Knokke-Heist, Zeedijk-Albertstrand 509, immatricul\u00e9e \u00e0 la Banque Carrefour des [&hellip;]","og_url":"https:\/\/www.grandcasinoknokke.be\/fr\/cookie-policy\/","og_site_name":"Napoleon Casino Knokke","article_publisher":"https:\/\/www.facebook.com\/grandcasinoknokke.be\/","article_modified_time":"2023-07-12T07:42:36+00:00","twitter_card":"summary_large_image","twitter_misc":{"Dur\u00e9e de lecture est.":"3 minutes"},"schema":{"@context":"https:\/\/schema.org","@graph":[{"@type":"WebPage","@id":"https:\/\/www.grandcasinoknokke.be\/fr\/cookie-policy\/","url":"https:\/\/www.grandcasinoknokke.be\/fr\/cookie-policy\/","name":"Cookie Policy - Napoleon Casino Knokke","isPartOf":{"@id":"https:\/\/www.grandcasinoknokke.be\/fr\/#website"},"datePublished":"2018-09-19T11:56:11+00:00","dateModified":"2023-07-12T07:42:36+00:00","inLanguage":"fr-BE","potentialAction":[{"@type":"ReadAction","target":["https:\/\/www.grandcasinoknokke.be\/fr\/cookie-policy\/"]}]},{"@type":"WebSite","@id":"https:\/\/www.grandcasinoknokke.be\/fr\/#website","url":"https:\/\/www.grandcasinoknokke.be\/fr\/","name":"Napoleon Casino Knokke","description":"","publisher":{"@id":"https:\/\/www.grandcasinoknokke.be\/fr\/#organization"},"potentialAction":[{"@type":"SearchAction","target":{"@type":"EntryPoint","urlTemplate":"https:\/\/www.grandcasinoknokke.be\/fr\/?s={search_term_string}"},"query-input":{"@type":"PropertyValueSpecification","valueRequired":true,"valueName":"search_term_string"}}],"inLanguage":"fr-BE"},{"@type":"Organization","@id":"https:\/\/www.grandcasinoknokke.be\/fr\/#organization","name":"Napoleon Casino Knokke","url":"https:\/\/www.grandcasinoknokke.be\/fr\/","logo":{"@type":"ImageObject","inLanguage":"fr-BE","@id":"https:\/\/www.grandcasinoknokke.be\/fr\/#\/schema\/logo\/image\/","url":"https:\/\/www.grandcasinoknokke.be\/wp-content\/uploads\/2021\/01\/Blackjack-Knokke.jpg","contentUrl":"https:\/\/www.grandcasinoknokke.be\/wp-content\/uploads\/2021\/01\/Blackjack-Knokke.jpg","width":2041,"height":1428,"caption":"Napoleon Casino Knokke"},"image":{"@id":"https:\/\/www.grandcasinoknokke.be\/fr\/#\/schema\/logo\/image\/"},"sameAs":["https:\/\/www.facebook.com\/grandcasinoknokke.be\/","https:\/\/www.instagram.com\/grand.casino.knokke\/"]}]}},"_links":{"self":[{"href":"https:\/\/www.grandcasinoknokke.be\/fr\/wp-json\/wp\/v2\/pages\/1306","targetHints":{"allow":["GET"]}}],"collection":[{"href":"https:\/\/www.grandcasinoknokke.be\/fr\/wp-json\/wp\/v2\/pages"}],"about":[{"href":"https:\/\/www.grandcasinoknokke.be\/fr\/wp-json\/wp\/v2\/types\/page"}],"author":[{"embeddable":true,"href":"https:\/\/www.grandcasinoknokke.be\/fr\/wp-json\/wp\/v2\/users\/1"}],"replies":[{"embeddable":true,"href":"https:\/\/www.grandcasinoknokke.be\/fr\/wp-json\/wp\/v2\/comments?post=1306"}],"version-history":[{"count":1,"href":"https:\/\/www.grandcasinoknokke.be\/fr\/wp-json\/wp\/v2\/pages\/1306\/revisions"}],"predecessor-version":[{"id":8912,"href":"https:\/\/www.grandcasinoknokke.be\/fr\/wp-json\/wp\/v2\/pages\/1306\/revisions\/8912"}],"wp:attachment":[{"href":"https:\/\/www.grandcasinoknokke.be\/fr\/wp-json\/wp\/v2\/media?parent=1306"}],"curies":[{"name":"wp","href":"https:\/\/api.w.org\/{rel}","templated":true}]}}