{"id":3706,"date":"2021-02-16T16:00:59","date_gmt":"2021-02-16T14:00:59","guid":{"rendered":"https:\/\/development.grandcasinoknokke.be\/bar\/"},"modified":"2021-07-02T16:43:01","modified_gmt":"2021-07-02T14:43:01","slug":"bar","status":"publish","type":"page","link":"https:\/\/www.grandcasinoknokke.be\/fr\/bar\/","title":{"rendered":"Bar \u00e0 champagne"},"content":{"rendered":"","protected":false},"excerpt":{"rendered":"","protected":false},"author":3,"featured_media":3286,"parent":0,"menu_order":21,"comment_status":"closed","ping_status":"closed","template":"page-landing.php","meta":{"_acf_changed":false,"inline_featured_image":false,"footnotes":""},"class_list":["post-3706","page","type-page","status-publish","has-post-thumbnail","hentry"],"acf":[],"yoast_head":"<!-- This site is optimized with the Yoast SEO plugin v27.2 - https:\/\/yoast.com\/product\/yoast-seo-wordpress\/ -->\n<title>Bar \u00e0 champagne | The drinks of true royalty - Napoleon Casino Knokke<\/title>\n<meta name=\"description\" content=\"Pendant que vous jouez, d\u00e9tendez-vous avec une coupe de champagne ou un cocktail et d\u00e9couvrez plus de 40 types de gin dans notre bar \u00e9l\u00e9gant.\" \/>\n<meta name=\"robots\" content=\"index, follow, max-snippet:-1, max-image-preview:large, max-video-preview:-1\" \/>\n<link rel=\"canonical\" href=\"https:\/\/www.grandcasinoknokke.be\/fr\/bar\/\" \/>\n<meta property=\"og:locale\" content=\"fr_FR\" \/>\n<meta property=\"og:type\" content=\"article\" \/>\n<meta property=\"og:title\" content=\"Bar \u00e0 champagne | The drinks of true royalty - Napoleon Casino Knokke\" \/>\n<meta property=\"og:description\" content=\"Pendant que vous jouez, d\u00e9tendez-vous avec une coupe de champagne ou un cocktail et d\u00e9couvrez plus de 40 types de gin dans notre bar \u00e9l\u00e9gant.\" \/>\n<meta property=\"og:url\" content=\"https:\/\/www.grandcasinoknokke.be\/fr\/bar\/\" \/>\n<meta property=\"og:site_name\" content=\"Napoleon Casino Knokke\" \/>\n<meta property=\"article:publisher\" content=\"https:\/\/www.facebook.com\/grandcasinoknokke.be\/\" \/>\n<meta property=\"article:modified_time\" content=\"2021-07-02T14:43:01+00:00\" \/>\n<meta property=\"og:image\" content=\"https:\/\/www.grandcasinoknokke.be\/wp-content\/uploads\/2021\/02\/23-scaled.jpg\" \/>\n\t<meta property=\"og:image:width\" content=\"2560\" \/>\n\t<meta property=\"og:image:height\" content=\"1707\" \/>\n\t<meta property=\"og:image:type\" content=\"image\/jpeg\" \/>\n<meta name=\"twitter:card\" content=\"summary_large_image\" \/>\n<script type=\"application\/ld+json\" class=\"yoast-schema-graph\">{\"@context\":\"https:\/\/schema.org\",\"@graph\":[{\"@type\":\"WebPage\",\"@id\":\"https:\/\/www.grandcasinoknokke.be\/fr\/bar\/\",\"url\":\"https:\/\/www.grandcasinoknokke.be\/fr\/bar\/\",\"name\":\"Bar \u00e0 champagne | The drinks of true royalty - Napoleon Casino Knokke\",\"isPartOf\":{\"@id\":\"https:\/\/www.grandcasinoknokke.be\/fr\/#website\"},\"primaryImageOfPage\":{\"@id\":\"https:\/\/www.grandcasinoknokke.be\/fr\/bar\/#primaryimage\"},\"image\":{\"@id\":\"https:\/\/www.grandcasinoknokke.be\/fr\/bar\/#primaryimage\"},\"thumbnailUrl\":\"https:\/\/www.grandcasinoknokke.be\/wp-content\/uploads\/2021\/02\/23-scaled.jpg\",\"datePublished\":\"2021-02-16T14:00:59+00:00\",\"dateModified\":\"2021-07-02T14:43:01+00:00\",\"description\":\"Pendant que vous jouez, d\u00e9tendez-vous avec une coupe de champagne ou un cocktail et d\u00e9couvrez plus de 40 types de gin dans notre bar \u00e9l\u00e9gant.\",\"inLanguage\":\"fr-BE\",\"potentialAction\":[{\"@type\":\"ReadAction\",\"target\":[\"https:\/\/www.grandcasinoknokke.be\/fr\/bar\/\"]}]},{\"@type\":\"ImageObject\",\"inLanguage\":\"fr-BE\",\"@id\":\"https:\/\/www.grandcasinoknokke.be\/fr\/bar\/#primaryimage\",\"url\":\"https:\/\/www.grandcasinoknokke.be\/wp-content\/uploads\/2021\/02\/23-scaled.jpg\",\"contentUrl\":\"https:\/\/www.grandcasinoknokke.be\/wp-content\/uploads\/2021\/02\/23-scaled.jpg\",\"width\":2560,\"height\":1707,\"caption\":\"Champagnebar Napoleon Casino Knokke\"},{\"@type\":\"WebSite\",\"@id\":\"https:\/\/www.grandcasinoknokke.be\/fr\/#website\",\"url\":\"https:\/\/www.grandcasinoknokke.be\/fr\/\",\"name\":\"Napoleon Casino Knokke\",\"description\":\"\",\"publisher\":{\"@id\":\"https:\/\/www.grandcasinoknokke.be\/fr\/#organization\"},\"potentialAction\":[{\"@type\":\"SearchAction\",\"target\":{\"@type\":\"EntryPoint\",\"urlTemplate\":\"https:\/\/www.grandcasinoknokke.be\/fr\/?s={search_term_string}\"},\"query-input\":{\"@type\":\"PropertyValueSpecification\",\"valueRequired\":true,\"valueName\":\"search_term_string\"}}],\"inLanguage\":\"fr-BE\"},{\"@type\":\"Organization\",\"@id\":\"https:\/\/www.grandcasinoknokke.be\/fr\/#organization\",\"name\":\"Napoleon Casino Knokke\",\"url\":\"https:\/\/www.grandcasinoknokke.be\/fr\/\",\"logo\":{\"@type\":\"ImageObject\",\"inLanguage\":\"fr-BE\",\"@id\":\"https:\/\/www.grandcasinoknokke.be\/fr\/#\/schema\/logo\/image\/\",\"url\":\"https:\/\/www.grandcasinoknokke.be\/wp-content\/uploads\/2021\/01\/Blackjack-Knokke.jpg\",\"contentUrl\":\"https:\/\/www.grandcasinoknokke.be\/wp-content\/uploads\/2021\/01\/Blackjack-Knokke.jpg\",\"width\":2041,\"height\":1428,\"caption\":\"Napoleon Casino Knokke\"},\"image\":{\"@id\":\"https:\/\/www.grandcasinoknokke.be\/fr\/#\/schema\/logo\/image\/\"},\"sameAs\":[\"https:\/\/www.facebook.com\/grandcasinoknokke.be\/\",\"https:\/\/www.instagram.com\/grand.casino.knokke\/\"]}]}<\/script>\n<!-- \/ Yoast SEO plugin. -->","yoast_head_json":{"title":"Bar \u00e0 champagne | The drinks of true royalty - Napoleon Casino Knokke","description":"Pendant que vous jouez, d\u00e9tendez-vous avec une coupe de champagne ou un cocktail et d\u00e9couvrez plus de 40 types de gin dans notre bar \u00e9l\u00e9gant.","robots":{"index":"index","follow":"follow","max-snippet":"max-snippet:-1","max-image-preview":"max-image-preview:large","max-video-preview":"max-video-preview:-1"},"canonical":"https:\/\/www.grandcasinoknokke.be\/fr\/bar\/","og_locale":"fr_FR","og_type":"article","og_title":"Bar \u00e0 champagne | The drinks of true royalty - Napoleon Casino Knokke","og_description":"Pendant que vous jouez, d\u00e9tendez-vous avec une coupe de champagne ou un cocktail et d\u00e9couvrez plus de 40 types de gin dans notre bar \u00e9l\u00e9gant.","og_url":"https:\/\/www.grandcasinoknokke.be\/fr\/bar\/","og_site_name":"Napoleon Casino Knokke","article_publisher":"https:\/\/www.facebook.com\/grandcasinoknokke.be\/","article_modified_time":"2021-07-02T14:43:01+00:00","og_image":[{"width":2560,"height":1707,"url":"https:\/\/www.grandcasinoknokke.be\/wp-content\/uploads\/2021\/02\/23-scaled.jpg","type":"image\/jpeg"}],"twitter_card":"summary_large_image","schema":{"@context":"https:\/\/schema.org","@graph":[{"@type":"WebPage","@id":"https:\/\/www.grandcasinoknokke.be\/fr\/bar\/","url":"https:\/\/www.grandcasinoknokke.be\/fr\/bar\/","name":"Bar \u00e0 champagne | The drinks of true royalty - Napoleon Casino Knokke","isPartOf":{"@id":"https:\/\/www.grandcasinoknokke.be\/fr\/#website"},"primaryImageOfPage":{"@id":"https:\/\/www.grandcasinoknokke.be\/fr\/bar\/#primaryimage"},"image":{"@id":"https:\/\/www.grandcasinoknokke.be\/fr\/bar\/#primaryimage"},"thumbnailUrl":"https:\/\/www.grandcasinoknokke.be\/wp-content\/uploads\/2021\/02\/23-scaled.jpg","datePublished":"2021-02-16T14:00:59+00:00","dateModified":"2021-07-02T14:43:01+00:00","description":"Pendant que vous jouez, d\u00e9tendez-vous avec une coupe de champagne ou un cocktail et d\u00e9couvrez plus de 40 types de gin dans notre bar \u00e9l\u00e9gant.","inLanguage":"fr-BE","potentialAction":[{"@type":"ReadAction","target":["https:\/\/www.grandcasinoknokke.be\/fr\/bar\/"]}]},{"@type":"ImageObject","inLanguage":"fr-BE","@id":"https:\/\/www.grandcasinoknokke.be\/fr\/bar\/#primaryimage","url":"https:\/\/www.grandcasinoknokke.be\/wp-content\/uploads\/2021\/02\/23-scaled.jpg","contentUrl":"https:\/\/www.grandcasinoknokke.be\/wp-content\/uploads\/2021\/02\/23-scaled.jpg","width":2560,"height":1707,"caption":"Champagnebar Napoleon Casino Knokke"},{"@type":"WebSite","@id":"https:\/\/www.grandcasinoknokke.be\/fr\/#website","url":"https:\/\/www.grandcasinoknokke.be\/fr\/","name":"Napoleon Casino Knokke","description":"","publisher":{"@id":"https:\/\/www.grandcasinoknokke.be\/fr\/#organization"},"potentialAction":[{"@type":"SearchAction","target":{"@type":"EntryPoint","urlTemplate":"https:\/\/www.grandcasinoknokke.be\/fr\/?s={search_term_string}"},"query-input":{"@type":"PropertyValueSpecification","valueRequired":true,"valueName":"search_term_string"}}],"inLanguage":"fr-BE"},{"@type":"Organization","@id":"https:\/\/www.grandcasinoknokke.be\/fr\/#organization","name":"Napoleon Casino Knokke","url":"https:\/\/www.grandcasinoknokke.be\/fr\/","logo":{"@type":"ImageObject","inLanguage":"fr-BE","@id":"https:\/\/www.grandcasinoknokke.be\/fr\/#\/schema\/logo\/image\/","url":"https:\/\/www.grandcasinoknokke.be\/wp-content\/uploads\/2021\/01\/Blackjack-Knokke.jpg","contentUrl":"https:\/\/www.grandcasinoknokke.be\/wp-content\/uploads\/2021\/01\/Blackjack-Knokke.jpg","width":2041,"height":1428,"caption":"Napoleon Casino Knokke"},"image":{"@id":"https:\/\/www.grandcasinoknokke.be\/fr\/#\/schema\/logo\/image\/"},"sameAs":["https:\/\/www.facebook.com\/grandcasinoknokke.be\/","https:\/\/www.instagram.com\/grand.casino.knokke\/"]}]}},"_links":{"self":[{"href":"https:\/\/www.grandcasinoknokke.be\/fr\/wp-json\/wp\/v2\/pages\/3706","targetHints":{"allow":["GET"]}}],"collection":[{"href":"https:\/\/www.grandcasinoknokke.be\/fr\/wp-json\/wp\/v2\/pages"}],"about":[{"href":"https:\/\/www.grandcasinoknokke.be\/fr\/wp-json\/wp\/v2\/types\/page"}],"author":[{"embeddable":true,"href":"https:\/\/www.grandcasinoknokke.be\/fr\/wp-json\/wp\/v2\/users\/3"}],"replies":[{"embeddable":true,"href":"https:\/\/www.grandcasinoknokke.be\/fr\/wp-json\/wp\/v2\/comments?post=3706"}],"version-history":[{"count":0,"href":"https:\/\/www.grandcasinoknokke.be\/fr\/wp-json\/wp\/v2\/pages\/3706\/revisions"}],"wp:featuredmedia":[{"embeddable":true,"href":"https:\/\/www.grandcasinoknokke.be\/fr\/wp-json\/wp\/v2\/media\/3286"}],"wp:attachment":[{"href":"https:\/\/www.grandcasinoknokke.be\/fr\/wp-json\/wp\/v2\/media?parent=3706"}],"curies":[{"name":"wp","href":"https:\/\/api.w.org\/{rel}","templated":true}]}}