{"id":3850,"date":"2021-01-13T21:59:16","date_gmt":"2021-01-13T19:59:16","guid":{"rendered":"https:\/\/development.grandcasinoknokke.be\/onze-feestzalen\/"},"modified":"2021-05-19T13:52:44","modified_gmt":"2021-05-19T11:52:44","slug":"casino-nos-salles-de-fete","status":"publish","type":"page","link":"https:\/\/www.grandcasinoknokke.be\/fr\/casino\/decouvrez-nos-salles\/","title":{"rendered":"D\u00e9couvrez nos salles"},"content":{"rendered":"","protected":false},"excerpt":{"rendered":"","protected":false},"author":1,"featured_media":1595,"parent":1135,"menu_order":40,"comment_status":"closed","ping_status":"closed","template":"page-landing.php","meta":{"_acf_changed":false,"inline_featured_image":false,"footnotes":""},"class_list":["post-3850","page","type-page","status-publish","has-post-thumbnail","hentry"],"acf":[],"yoast_head":"<!-- This site is optimized with the Yoast SEO plugin v27.2 - https:\/\/yoast.com\/product\/yoast-seo-wordpress\/ -->\n<title>D\u00e9couvrez nos salles de f\u00eate! - Napoleon Casino Knokke<\/title>\n<meta name=\"description\" content=\"Vous recherchez un lieu qui fasse sensation pour votre \u00e9v\u00e9nement ? D\u00e9couvrez nos salles de f\u00eate uniques dans le casino de Knokke.\" \/>\n<meta name=\"robots\" content=\"noindex, follow\" \/>\n<meta property=\"og:locale\" content=\"fr_FR\" \/>\n<meta property=\"og:type\" content=\"article\" \/>\n<meta property=\"og:title\" content=\"D\u00e9couvrez nos salles de f\u00eate! - Napoleon Casino Knokke\" \/>\n<meta property=\"og:description\" content=\"Vous recherchez un lieu qui fasse sensation pour votre \u00e9v\u00e9nement ? D\u00e9couvrez nos salles de f\u00eate uniques dans le casino de Knokke.\" \/>\n<meta property=\"og:url\" content=\"https:\/\/www.grandcasinoknokke.be\/fr\/casino\/decouvrez-nos-salles\/\" \/>\n<meta property=\"og:site_name\" content=\"Napoleon Casino Knokke\" \/>\n<meta property=\"article:publisher\" content=\"https:\/\/www.facebook.com\/grandcasinoknokke.be\/\" \/>\n<meta property=\"article:modified_time\" content=\"2021-05-19T11:52:44+00:00\" \/>\n<meta property=\"og:image\" content=\"https:\/\/www.grandcasinoknokke.be\/wp-content\/uploads\/2021\/01\/Feestdagen-in-Knokke-2.jpg\" \/>\n\t<meta property=\"og:image:width\" content=\"900\" \/>\n\t<meta property=\"og:image:height\" content=\"600\" \/>\n\t<meta property=\"og:image:type\" content=\"image\/jpeg\" \/>\n<meta name=\"twitter:card\" content=\"summary_large_image\" \/>\n<script type=\"application\/ld+json\" class=\"yoast-schema-graph\">{\"@context\":\"https:\/\/schema.org\",\"@graph\":[{\"@type\":\"WebPage\",\"@id\":\"https:\/\/www.grandcasinoknokke.be\/fr\/casino\/decouvrez-nos-salles\/\",\"url\":\"https:\/\/www.grandcasinoknokke.be\/fr\/casino\/decouvrez-nos-salles\/\",\"name\":\"D\u00e9couvrez nos salles de f\u00eate! - Napoleon Casino Knokke\",\"isPartOf\":{\"@id\":\"https:\/\/www.grandcasinoknokke.be\/fr\/#website\"},\"primaryImageOfPage\":{\"@id\":\"https:\/\/www.grandcasinoknokke.be\/fr\/casino\/decouvrez-nos-salles\/#primaryimage\"},\"image\":{\"@id\":\"https:\/\/www.grandcasinoknokke.be\/fr\/casino\/decouvrez-nos-salles\/#primaryimage\"},\"thumbnailUrl\":\"https:\/\/www.grandcasinoknokke.be\/wp-content\/uploads\/2021\/01\/Feestdagen-in-Knokke-2.jpg\",\"datePublished\":\"2021-01-13T19:59:16+00:00\",\"dateModified\":\"2021-05-19T11:52:44+00:00\",\"description\":\"Vous recherchez un lieu qui fasse sensation pour votre \u00e9v\u00e9nement ? D\u00e9couvrez nos salles de f\u00eate uniques dans le casino de Knokke.\",\"breadcrumb\":{\"@id\":\"https:\/\/www.grandcasinoknokke.be\/fr\/casino\/decouvrez-nos-salles\/#breadcrumb\"},\"inLanguage\":\"fr-BE\",\"potentialAction\":[{\"@type\":\"ReadAction\",\"target\":[\"https:\/\/www.grandcasinoknokke.be\/fr\/casino\/decouvrez-nos-salles\/\"]}]},{\"@type\":\"ImageObject\",\"inLanguage\":\"fr-BE\",\"@id\":\"https:\/\/www.grandcasinoknokke.be\/fr\/casino\/decouvrez-nos-salles\/#primaryimage\",\"url\":\"https:\/\/www.grandcasinoknokke.be\/wp-content\/uploads\/2021\/01\/Feestdagen-in-Knokke-2.jpg\",\"contentUrl\":\"https:\/\/www.grandcasinoknokke.be\/wp-content\/uploads\/2021\/01\/Feestdagen-in-Knokke-2.jpg\",\"width\":900,\"height\":600},{\"@type\":\"BreadcrumbList\",\"@id\":\"https:\/\/www.grandcasinoknokke.be\/fr\/casino\/decouvrez-nos-salles\/#breadcrumb\",\"itemListElement\":[{\"@type\":\"ListItem\",\"position\":1,\"name\":\"Casino\",\"item\":\"https:\/\/www.grandcasinoknokke.be\/fr\/casino\/\"},{\"@type\":\"ListItem\",\"position\":2,\"name\":\"D\u00e9couvrez nos salles\"}]},{\"@type\":\"WebSite\",\"@id\":\"https:\/\/www.grandcasinoknokke.be\/fr\/#website\",\"url\":\"https:\/\/www.grandcasinoknokke.be\/fr\/\",\"name\":\"Napoleon Casino Knokke\",\"description\":\"\",\"publisher\":{\"@id\":\"https:\/\/www.grandcasinoknokke.be\/fr\/#organization\"},\"potentialAction\":[{\"@type\":\"SearchAction\",\"target\":{\"@type\":\"EntryPoint\",\"urlTemplate\":\"https:\/\/www.grandcasinoknokke.be\/fr\/?s={search_term_string}\"},\"query-input\":{\"@type\":\"PropertyValueSpecification\",\"valueRequired\":true,\"valueName\":\"search_term_string\"}}],\"inLanguage\":\"fr-BE\"},{\"@type\":\"Organization\",\"@id\":\"https:\/\/www.grandcasinoknokke.be\/fr\/#organization\",\"name\":\"Napoleon Casino Knokke\",\"url\":\"https:\/\/www.grandcasinoknokke.be\/fr\/\",\"logo\":{\"@type\":\"ImageObject\",\"inLanguage\":\"fr-BE\",\"@id\":\"https:\/\/www.grandcasinoknokke.be\/fr\/#\/schema\/logo\/image\/\",\"url\":\"https:\/\/www.grandcasinoknokke.be\/wp-content\/uploads\/2021\/01\/Blackjack-Knokke.jpg\",\"contentUrl\":\"https:\/\/www.grandcasinoknokke.be\/wp-content\/uploads\/2021\/01\/Blackjack-Knokke.jpg\",\"width\":2041,\"height\":1428,\"caption\":\"Napoleon Casino Knokke\"},\"image\":{\"@id\":\"https:\/\/www.grandcasinoknokke.be\/fr\/#\/schema\/logo\/image\/\"},\"sameAs\":[\"https:\/\/www.facebook.com\/grandcasinoknokke.be\/\",\"https:\/\/www.instagram.com\/grand.casino.knokke\/\"]}]}<\/script>\n<!-- \/ Yoast SEO plugin. -->","yoast_head_json":{"title":"D\u00e9couvrez nos salles de f\u00eate! - Napoleon Casino Knokke","description":"Vous recherchez un lieu qui fasse sensation pour votre \u00e9v\u00e9nement ? D\u00e9couvrez nos salles de f\u00eate uniques dans le casino de Knokke.","robots":{"index":"noindex","follow":"follow"},"og_locale":"fr_FR","og_type":"article","og_title":"D\u00e9couvrez nos salles de f\u00eate! - Napoleon Casino Knokke","og_description":"Vous recherchez un lieu qui fasse sensation pour votre \u00e9v\u00e9nement ? D\u00e9couvrez nos salles de f\u00eate uniques dans le casino de Knokke.","og_url":"https:\/\/www.grandcasinoknokke.be\/fr\/casino\/decouvrez-nos-salles\/","og_site_name":"Napoleon Casino Knokke","article_publisher":"https:\/\/www.facebook.com\/grandcasinoknokke.be\/","article_modified_time":"2021-05-19T11:52:44+00:00","og_image":[{"width":900,"height":600,"url":"https:\/\/www.grandcasinoknokke.be\/wp-content\/uploads\/2021\/01\/Feestdagen-in-Knokke-2.jpg","type":"image\/jpeg"}],"twitter_card":"summary_large_image","schema":{"@context":"https:\/\/schema.org","@graph":[{"@type":"WebPage","@id":"https:\/\/www.grandcasinoknokke.be\/fr\/casino\/decouvrez-nos-salles\/","url":"https:\/\/www.grandcasinoknokke.be\/fr\/casino\/decouvrez-nos-salles\/","name":"D\u00e9couvrez nos salles de f\u00eate! - Napoleon Casino Knokke","isPartOf":{"@id":"https:\/\/www.grandcasinoknokke.be\/fr\/#website"},"primaryImageOfPage":{"@id":"https:\/\/www.grandcasinoknokke.be\/fr\/casino\/decouvrez-nos-salles\/#primaryimage"},"image":{"@id":"https:\/\/www.grandcasinoknokke.be\/fr\/casino\/decouvrez-nos-salles\/#primaryimage"},"thumbnailUrl":"https:\/\/www.grandcasinoknokke.be\/wp-content\/uploads\/2021\/01\/Feestdagen-in-Knokke-2.jpg","datePublished":"2021-01-13T19:59:16+00:00","dateModified":"2021-05-19T11:52:44+00:00","description":"Vous recherchez un lieu qui fasse sensation pour votre \u00e9v\u00e9nement ? D\u00e9couvrez nos salles de f\u00eate uniques dans le casino de Knokke.","breadcrumb":{"@id":"https:\/\/www.grandcasinoknokke.be\/fr\/casino\/decouvrez-nos-salles\/#breadcrumb"},"inLanguage":"fr-BE","potentialAction":[{"@type":"ReadAction","target":["https:\/\/www.grandcasinoknokke.be\/fr\/casino\/decouvrez-nos-salles\/"]}]},{"@type":"ImageObject","inLanguage":"fr-BE","@id":"https:\/\/www.grandcasinoknokke.be\/fr\/casino\/decouvrez-nos-salles\/#primaryimage","url":"https:\/\/www.grandcasinoknokke.be\/wp-content\/uploads\/2021\/01\/Feestdagen-in-Knokke-2.jpg","contentUrl":"https:\/\/www.grandcasinoknokke.be\/wp-content\/uploads\/2021\/01\/Feestdagen-in-Knokke-2.jpg","width":900,"height":600},{"@type":"BreadcrumbList","@id":"https:\/\/www.grandcasinoknokke.be\/fr\/casino\/decouvrez-nos-salles\/#breadcrumb","itemListElement":[{"@type":"ListItem","position":1,"name":"Casino","item":"https:\/\/www.grandcasinoknokke.be\/fr\/casino\/"},{"@type":"ListItem","position":2,"name":"D\u00e9couvrez nos salles"}]},{"@type":"WebSite","@id":"https:\/\/www.grandcasinoknokke.be\/fr\/#website","url":"https:\/\/www.grandcasinoknokke.be\/fr\/","name":"Napoleon Casino Knokke","description":"","publisher":{"@id":"https:\/\/www.grandcasinoknokke.be\/fr\/#organization"},"potentialAction":[{"@type":"SearchAction","target":{"@type":"EntryPoint","urlTemplate":"https:\/\/www.grandcasinoknokke.be\/fr\/?s={search_term_string}"},"query-input":{"@type":"PropertyValueSpecification","valueRequired":true,"valueName":"search_term_string"}}],"inLanguage":"fr-BE"},{"@type":"Organization","@id":"https:\/\/www.grandcasinoknokke.be\/fr\/#organization","name":"Napoleon Casino Knokke","url":"https:\/\/www.grandcasinoknokke.be\/fr\/","logo":{"@type":"ImageObject","inLanguage":"fr-BE","@id":"https:\/\/www.grandcasinoknokke.be\/fr\/#\/schema\/logo\/image\/","url":"https:\/\/www.grandcasinoknokke.be\/wp-content\/uploads\/2021\/01\/Blackjack-Knokke.jpg","contentUrl":"https:\/\/www.grandcasinoknokke.be\/wp-content\/uploads\/2021\/01\/Blackjack-Knokke.jpg","width":2041,"height":1428,"caption":"Napoleon Casino Knokke"},"image":{"@id":"https:\/\/www.grandcasinoknokke.be\/fr\/#\/schema\/logo\/image\/"},"sameAs":["https:\/\/www.facebook.com\/grandcasinoknokke.be\/","https:\/\/www.instagram.com\/grand.casino.knokke\/"]}]}},"_links":{"self":[{"href":"https:\/\/www.grandcasinoknokke.be\/fr\/wp-json\/wp\/v2\/pages\/3850","targetHints":{"allow":["GET"]}}],"collection":[{"href":"https:\/\/www.grandcasinoknokke.be\/fr\/wp-json\/wp\/v2\/pages"}],"about":[{"href":"https:\/\/www.grandcasinoknokke.be\/fr\/wp-json\/wp\/v2\/types\/page"}],"author":[{"embeddable":true,"href":"https:\/\/www.grandcasinoknokke.be\/fr\/wp-json\/wp\/v2\/users\/1"}],"replies":[{"embeddable":true,"href":"https:\/\/www.grandcasinoknokke.be\/fr\/wp-json\/wp\/v2\/comments?post=3850"}],"version-history":[{"count":0,"href":"https:\/\/www.grandcasinoknokke.be\/fr\/wp-json\/wp\/v2\/pages\/3850\/revisions"}],"up":[{"embeddable":true,"href":"https:\/\/www.grandcasinoknokke.be\/fr\/wp-json\/wp\/v2\/pages\/1135"}],"wp:featuredmedia":[{"embeddable":true,"href":"https:\/\/www.grandcasinoknokke.be\/fr\/wp-json\/wp\/v2\/media\/1595"}],"wp:attachment":[{"href":"https:\/\/www.grandcasinoknokke.be\/fr\/wp-json\/wp\/v2\/media?parent=3850"}],"curies":[{"name":"wp","href":"https:\/\/api.w.org\/{rel}","templated":true}]}}