{"id":3858,"date":"2021-02-25T14:01:10","date_gmt":"2021-02-25T12:01:10","guid":{"rendered":"https:\/\/development.grandcasinoknokke.be\/my-loyalty\/loyaltykaart\/"},"modified":"2021-09-06T11:06:11","modified_gmt":"2021-09-06T09:06:11","slug":"member-card","status":"publish","type":"page","link":"https:\/\/www.grandcasinoknokke.be\/fr\/my-loyalty\/membercard\/","title":{"rendered":"Member Card"},"content":{"rendered":"<p>Nous n&rsquo;avons pas besoin de vous dire que le Grand Casino de Knokke garantit <strong>un plaisir de jeu sans fin<\/strong> avec la (d\u00e9s)excitation n\u00e9cessaire. Les d\u00e9licieux repas du <strong><a href=\"https:\/\/www.grandcasinoknokke.be\/fr\/restaurant\/\">restaurant Mascotte<\/a><\/strong> et les nombreux spectacles en direct prouvent \u00e9galement que nous ne laissons rien au hasard pour vous offrir une journ\u00e9e parfaite.\u00a0Mais savez-vous que vous pouvez aller encore plus loin ? <strong>D\u00e9couvrez notre Member Card<\/strong>, avec ses nombreux avantages qui rendront votre visite au Napoleon Casino Knokke encore plus sp\u00e9ciale !<\/p>\n","protected":false},"excerpt":{"rendered":"<p>Nous n&rsquo;avons pas besoin de vous dire que le Grand Casino de Knokke garantit un plaisir de jeu sans fin avec la (d\u00e9s)excitation n\u00e9cessaire. Les d\u00e9licieux repas du restaurant Mascotte et les nombreux spectacles en direct prouvent \u00e9galement que nous ne laissons rien au hasard pour vous offrir une journ\u00e9e parfaite.\u00a0Mais savez-vous que vous pouvez [&hellip;]<\/p>\n","protected":false},"author":3,"featured_media":11464,"parent":1139,"menu_order":63,"comment_status":"closed","ping_status":"closed","template":"page-landing.php","meta":{"_acf_changed":false,"inline_featured_image":false,"footnotes":""},"class_list":["post-3858","page","type-page","status-publish","has-post-thumbnail","hentry"],"acf":[],"yoast_head":"<!-- This site is optimized with the Yoast SEO plugin v27.4 - https:\/\/yoast.com\/product\/yoast-seo-wordpress\/ -->\n<title>Member Card - Be loyal, be royal - Napoleon Casino Knokke<\/title>\n<meta name=\"description\" content=\"Obtenez encore plus d&#039;avantages lors de votre visite au casino gr\u00e2ce \u00e0 votre Member Card et \u00e9changez vos points contre de nombreux prix.\" \/>\n<meta name=\"robots\" content=\"index, follow, max-snippet:-1, max-image-preview:large, max-video-preview:-1\" \/>\n<link rel=\"canonical\" href=\"https:\/\/www.grandcasinoknokke.be\/fr\/my-loyalty\/membercard\/\" \/>\n<meta property=\"og:locale\" content=\"fr_FR\" \/>\n<meta property=\"og:type\" content=\"article\" \/>\n<meta property=\"og:title\" content=\"Member Card - Be loyal, be royal - Napoleon Casino Knokke\" \/>\n<meta property=\"og:description\" content=\"Obtenez encore plus d&#039;avantages lors de votre visite au casino gr\u00e2ce \u00e0 votre Member Card et \u00e9changez vos points contre de nombreux prix.\" \/>\n<meta property=\"og:url\" content=\"https:\/\/www.grandcasinoknokke.be\/fr\/my-loyalty\/membercard\/\" \/>\n<meta property=\"og:site_name\" content=\"Napoleon Casino Knokke\" \/>\n<meta property=\"article:publisher\" content=\"https:\/\/www.facebook.com\/grandcasinoknokke.be\/\" \/>\n<meta property=\"article:modified_time\" content=\"2021-09-06T09:06:11+00:00\" \/>\n<meta property=\"og:image\" content=\"https:\/\/www.grandcasinoknokke.be\/wp-content\/uploads\/2021\/07\/Memberkaart_GCK_1200x800-1.jpg\" \/>\n\t<meta property=\"og:image:width\" content=\"1200\" \/>\n\t<meta property=\"og:image:height\" content=\"800\" \/>\n\t<meta property=\"og:image:type\" content=\"image\/jpeg\" \/>\n<meta name=\"twitter:card\" content=\"summary_large_image\" \/>\n<meta name=\"twitter:label1\" content=\"Dur\u00e9e de lecture est.\" \/>\n\t<meta name=\"twitter:data1\" content=\"1 minute\" \/>\n<script type=\"application\/ld+json\" class=\"yoast-schema-graph\">{\"@context\":\"https:\\\/\\\/schema.org\",\"@graph\":[{\"@type\":\"WebPage\",\"@id\":\"https:\\\/\\\/www.grandcasinoknokke.be\\\/fr\\\/my-loyalty\\\/membercard\\\/\",\"url\":\"https:\\\/\\\/www.grandcasinoknokke.be\\\/fr\\\/my-loyalty\\\/membercard\\\/\",\"name\":\"Member Card - Be loyal, be royal - Napoleon Casino Knokke\",\"isPartOf\":{\"@id\":\"https:\\\/\\\/www.grandcasinoknokke.be\\\/fr\\\/#website\"},\"primaryImageOfPage\":{\"@id\":\"https:\\\/\\\/www.grandcasinoknokke.be\\\/fr\\\/my-loyalty\\\/membercard\\\/#primaryimage\"},\"image\":{\"@id\":\"https:\\\/\\\/www.grandcasinoknokke.be\\\/fr\\\/my-loyalty\\\/membercard\\\/#primaryimage\"},\"thumbnailUrl\":\"https:\\\/\\\/www.grandcasinoknokke.be\\\/wp-content\\\/uploads\\\/2021\\\/07\\\/Memberkaart_GCK_1200x800-1.jpg\",\"datePublished\":\"2021-02-25T12:01:10+00:00\",\"dateModified\":\"2021-09-06T09:06:11+00:00\",\"description\":\"Obtenez encore plus d'avantages lors de votre visite au casino gr\u00e2ce \u00e0 votre Member Card et \u00e9changez vos points contre de nombreux prix.\",\"breadcrumb\":{\"@id\":\"https:\\\/\\\/www.grandcasinoknokke.be\\\/fr\\\/my-loyalty\\\/membercard\\\/#breadcrumb\"},\"inLanguage\":\"fr-BE\",\"potentialAction\":[{\"@type\":\"ReadAction\",\"target\":[\"https:\\\/\\\/www.grandcasinoknokke.be\\\/fr\\\/my-loyalty\\\/membercard\\\/\"]}]},{\"@type\":\"ImageObject\",\"inLanguage\":\"fr-BE\",\"@id\":\"https:\\\/\\\/www.grandcasinoknokke.be\\\/fr\\\/my-loyalty\\\/membercard\\\/#primaryimage\",\"url\":\"https:\\\/\\\/www.grandcasinoknokke.be\\\/wp-content\\\/uploads\\\/2021\\\/07\\\/Memberkaart_GCK_1200x800-1.jpg\",\"contentUrl\":\"https:\\\/\\\/www.grandcasinoknokke.be\\\/wp-content\\\/uploads\\\/2021\\\/07\\\/Memberkaart_GCK_1200x800-1.jpg\",\"width\":1200,\"height\":800},{\"@type\":\"BreadcrumbList\",\"@id\":\"https:\\\/\\\/www.grandcasinoknokke.be\\\/fr\\\/my-loyalty\\\/membercard\\\/#breadcrumb\",\"itemListElement\":[{\"@type\":\"ListItem\",\"position\":1,\"name\":\"My Loyalty\",\"item\":\"https:\\\/\\\/www.grandcasinoknokke.be\\\/fr\\\/my-loyalty\\\/\"},{\"@type\":\"ListItem\",\"position\":2,\"name\":\"Member Card\"}]},{\"@type\":\"WebSite\",\"@id\":\"https:\\\/\\\/www.grandcasinoknokke.be\\\/fr\\\/#website\",\"url\":\"https:\\\/\\\/www.grandcasinoknokke.be\\\/fr\\\/\",\"name\":\"Napoleon Casino Knokke\",\"description\":\"\",\"publisher\":{\"@id\":\"https:\\\/\\\/www.grandcasinoknokke.be\\\/fr\\\/#organization\"},\"potentialAction\":[{\"@type\":\"SearchAction\",\"target\":{\"@type\":\"EntryPoint\",\"urlTemplate\":\"https:\\\/\\\/www.grandcasinoknokke.be\\\/fr\\\/?s={search_term_string}\"},\"query-input\":{\"@type\":\"PropertyValueSpecification\",\"valueRequired\":true,\"valueName\":\"search_term_string\"}}],\"inLanguage\":\"fr-BE\"},{\"@type\":\"Organization\",\"@id\":\"https:\\\/\\\/www.grandcasinoknokke.be\\\/fr\\\/#organization\",\"name\":\"Napoleon Casino Knokke\",\"url\":\"https:\\\/\\\/www.grandcasinoknokke.be\\\/fr\\\/\",\"logo\":{\"@type\":\"ImageObject\",\"inLanguage\":\"fr-BE\",\"@id\":\"https:\\\/\\\/www.grandcasinoknokke.be\\\/fr\\\/#\\\/schema\\\/logo\\\/image\\\/\",\"url\":\"https:\\\/\\\/www.grandcasinoknokke.be\\\/wp-content\\\/uploads\\\/2021\\\/01\\\/Blackjack-Knokke.jpg\",\"contentUrl\":\"https:\\\/\\\/www.grandcasinoknokke.be\\\/wp-content\\\/uploads\\\/2021\\\/01\\\/Blackjack-Knokke.jpg\",\"width\":2041,\"height\":1428,\"caption\":\"Napoleon Casino Knokke\"},\"image\":{\"@id\":\"https:\\\/\\\/www.grandcasinoknokke.be\\\/fr\\\/#\\\/schema\\\/logo\\\/image\\\/\"},\"sameAs\":[\"https:\\\/\\\/www.facebook.com\\\/grandcasinoknokke.be\\\/\",\"https:\\\/\\\/www.instagram.com\\\/grand.casino.knokke\\\/\"]}]}<\/script>\n<!-- \/ Yoast SEO plugin. -->","yoast_head_json":{"title":"Member Card - Be loyal, be royal - Napoleon Casino Knokke","description":"Obtenez encore plus d'avantages lors de votre visite au casino gr\u00e2ce \u00e0 votre Member Card et \u00e9changez vos points contre de nombreux prix.","robots":{"index":"index","follow":"follow","max-snippet":"max-snippet:-1","max-image-preview":"max-image-preview:large","max-video-preview":"max-video-preview:-1"},"canonical":"https:\/\/www.grandcasinoknokke.be\/fr\/my-loyalty\/membercard\/","og_locale":"fr_FR","og_type":"article","og_title":"Member Card - Be loyal, be royal - Napoleon Casino Knokke","og_description":"Obtenez encore plus d'avantages lors de votre visite au casino gr\u00e2ce \u00e0 votre Member Card et \u00e9changez vos points contre de nombreux prix.","og_url":"https:\/\/www.grandcasinoknokke.be\/fr\/my-loyalty\/membercard\/","og_site_name":"Napoleon Casino Knokke","article_publisher":"https:\/\/www.facebook.com\/grandcasinoknokke.be\/","article_modified_time":"2021-09-06T09:06:11+00:00","og_image":[{"width":1200,"height":800,"url":"https:\/\/www.grandcasinoknokke.be\/wp-content\/uploads\/2021\/07\/Memberkaart_GCK_1200x800-1.jpg","type":"image\/jpeg"}],"twitter_card":"summary_large_image","twitter_misc":{"Dur\u00e9e de lecture est.":"1 minute"},"schema":{"@context":"https:\/\/schema.org","@graph":[{"@type":"WebPage","@id":"https:\/\/www.grandcasinoknokke.be\/fr\/my-loyalty\/membercard\/","url":"https:\/\/www.grandcasinoknokke.be\/fr\/my-loyalty\/membercard\/","name":"Member Card - Be loyal, be royal - Napoleon Casino Knokke","isPartOf":{"@id":"https:\/\/www.grandcasinoknokke.be\/fr\/#website"},"primaryImageOfPage":{"@id":"https:\/\/www.grandcasinoknokke.be\/fr\/my-loyalty\/membercard\/#primaryimage"},"image":{"@id":"https:\/\/www.grandcasinoknokke.be\/fr\/my-loyalty\/membercard\/#primaryimage"},"thumbnailUrl":"https:\/\/www.grandcasinoknokke.be\/wp-content\/uploads\/2021\/07\/Memberkaart_GCK_1200x800-1.jpg","datePublished":"2021-02-25T12:01:10+00:00","dateModified":"2021-09-06T09:06:11+00:00","description":"Obtenez encore plus d'avantages lors de votre visite au casino gr\u00e2ce \u00e0 votre Member Card et \u00e9changez vos points contre de nombreux prix.","breadcrumb":{"@id":"https:\/\/www.grandcasinoknokke.be\/fr\/my-loyalty\/membercard\/#breadcrumb"},"inLanguage":"fr-BE","potentialAction":[{"@type":"ReadAction","target":["https:\/\/www.grandcasinoknokke.be\/fr\/my-loyalty\/membercard\/"]}]},{"@type":"ImageObject","inLanguage":"fr-BE","@id":"https:\/\/www.grandcasinoknokke.be\/fr\/my-loyalty\/membercard\/#primaryimage","url":"https:\/\/www.grandcasinoknokke.be\/wp-content\/uploads\/2021\/07\/Memberkaart_GCK_1200x800-1.jpg","contentUrl":"https:\/\/www.grandcasinoknokke.be\/wp-content\/uploads\/2021\/07\/Memberkaart_GCK_1200x800-1.jpg","width":1200,"height":800},{"@type":"BreadcrumbList","@id":"https:\/\/www.grandcasinoknokke.be\/fr\/my-loyalty\/membercard\/#breadcrumb","itemListElement":[{"@type":"ListItem","position":1,"name":"My Loyalty","item":"https:\/\/www.grandcasinoknokke.be\/fr\/my-loyalty\/"},{"@type":"ListItem","position":2,"name":"Member Card"}]},{"@type":"WebSite","@id":"https:\/\/www.grandcasinoknokke.be\/fr\/#website","url":"https:\/\/www.grandcasinoknokke.be\/fr\/","name":"Napoleon Casino Knokke","description":"","publisher":{"@id":"https:\/\/www.grandcasinoknokke.be\/fr\/#organization"},"potentialAction":[{"@type":"SearchAction","target":{"@type":"EntryPoint","urlTemplate":"https:\/\/www.grandcasinoknokke.be\/fr\/?s={search_term_string}"},"query-input":{"@type":"PropertyValueSpecification","valueRequired":true,"valueName":"search_term_string"}}],"inLanguage":"fr-BE"},{"@type":"Organization","@id":"https:\/\/www.grandcasinoknokke.be\/fr\/#organization","name":"Napoleon Casino Knokke","url":"https:\/\/www.grandcasinoknokke.be\/fr\/","logo":{"@type":"ImageObject","inLanguage":"fr-BE","@id":"https:\/\/www.grandcasinoknokke.be\/fr\/#\/schema\/logo\/image\/","url":"https:\/\/www.grandcasinoknokke.be\/wp-content\/uploads\/2021\/01\/Blackjack-Knokke.jpg","contentUrl":"https:\/\/www.grandcasinoknokke.be\/wp-content\/uploads\/2021\/01\/Blackjack-Knokke.jpg","width":2041,"height":1428,"caption":"Napoleon Casino Knokke"},"image":{"@id":"https:\/\/www.grandcasinoknokke.be\/fr\/#\/schema\/logo\/image\/"},"sameAs":["https:\/\/www.facebook.com\/grandcasinoknokke.be\/","https:\/\/www.instagram.com\/grand.casino.knokke\/"]}]}},"_links":{"self":[{"href":"https:\/\/www.grandcasinoknokke.be\/fr\/wp-json\/wp\/v2\/pages\/3858","targetHints":{"allow":["GET"]}}],"collection":[{"href":"https:\/\/www.grandcasinoknokke.be\/fr\/wp-json\/wp\/v2\/pages"}],"about":[{"href":"https:\/\/www.grandcasinoknokke.be\/fr\/wp-json\/wp\/v2\/types\/page"}],"author":[{"embeddable":true,"href":"https:\/\/www.grandcasinoknokke.be\/fr\/wp-json\/wp\/v2\/users\/3"}],"replies":[{"embeddable":true,"href":"https:\/\/www.grandcasinoknokke.be\/fr\/wp-json\/wp\/v2\/comments?post=3858"}],"version-history":[{"count":0,"href":"https:\/\/www.grandcasinoknokke.be\/fr\/wp-json\/wp\/v2\/pages\/3858\/revisions"}],"up":[{"embeddable":true,"href":"https:\/\/www.grandcasinoknokke.be\/fr\/wp-json\/wp\/v2\/pages\/1139"}],"wp:featuredmedia":[{"embeddable":true,"href":"https:\/\/www.grandcasinoknokke.be\/fr\/wp-json\/wp\/v2\/media\/11464"}],"wp:attachment":[{"href":"https:\/\/www.grandcasinoknokke.be\/fr\/wp-json\/wp\/v2\/media?parent=3858"}],"curies":[{"name":"wp","href":"https:\/\/api.w.org\/{rel}","templated":true}]}}